{"id":988407,"date":"2024-07-01T17:01:22","date_gmt":"2024-07-01T15:01:22","guid":{"rendered":"https:\/\/scattolini.it\/?page_id=988407"},"modified":"2025-06-27T16:29:16","modified_gmt":"2025-06-27T14:29:16","slug":"scattolini-point","status":"publish","type":"page","link":"https:\/\/scattolini.it\/fr\/scattolini-point\/","title":{"rendered":"Scattolini Point"},"content":{"rendered":"<div data-elementor-type=\"wp-page\" data-elementor-id=\"988407\" class=\"elementor elementor-988407\" data-elementor-post-type=\"page\">\n\t\t\t\t\t\t<section class=\"elementor-section elementor-top-section elementor-element elementor-element-82fd727 elementor-section-boxed elementor-section-height-default elementor-section-height-default\" data-id=\"82fd727\" data-element_type=\"section\">\n\t\t\t\t\t\t<div class=\"elementor-container elementor-column-gap-no\">\n\t\t\t\t\t<div class=\"elementor-column elementor-col-33 elementor-top-column elementor-element elementor-element-daaca0f\" data-id=\"daaca0f\" data-element_type=\"column\">\n\t\t\t<div class=\"elementor-widget-wrap elementor-element-populated\">\n\t\t\t\t\t\t<div class=\"elementor-element elementor-element-d176e28 elementor-widget elementor-widget-heading\" data-id=\"d176e28\" data-element_type=\"widget\" data-widget_type=\"heading.default\">\n\t\t\t\t<div class=\"elementor-widget-container\">\n\t\t\t\t\t<h5 class=\"elementor-heading-title elementor-size-default\">SCATTOLINI POINT<\/h5>\t\t\t\t<\/div>\n\t\t\t\t<\/div>\n\t\t\t\t<div class=\"elementor-element elementor-element-24afa96 elementor-widget__width-initial elementor-widget elementor-widget-text-editor\" data-id=\"24afa96\" data-element_type=\"widget\" data-widget_type=\"text-editor.default\">\n\t\t\t\t<div class=\"elementor-widget-container\">\n\t\t\t\t\t\t\t\t\t<p>Votre s\u00e9curit\u00e9 en d\u00e9placement dans toute l'Italie!<\/p><p>Avec un r\u00e9seau de centres agr\u00e9\u00e9s r\u00e9partis sur tout le territoire national, nous sommes pr\u00eats \u00e0 vous offrir un service complet et fiable pour le montage et l'entretien de nos installations.<\/p>\t\t\t\t\t\t\t\t<\/div>\n\t\t\t\t<\/div>\n\t\t\t\t\t<\/div>\n\t\t<\/div>\n\t\t\t\t<div class=\"elementor-column elementor-col-33 elementor-top-column elementor-element elementor-element-226cdae\" data-id=\"226cdae\" data-element_type=\"column\">\n\t\t\t<div class=\"elementor-widget-wrap elementor-element-populated\">\n\t\t\t\t\t\t<div class=\"elementor-element elementor-element-71a0e49 elementor-widget__width-initial elementor-widget elementor-widget-text-editor\" data-id=\"71a0e49\" data-element_type=\"widget\" data-widget_type=\"text-editor.default\">\n\t\t\t\t<div class=\"elementor-widget-container\">\n\t\t\t\t\t\t\t\t\t<p>I nostri tecnici specializzati garantiscono un&#8217;assistenza tempestiva e professionale, per assicurarti sempre la massima tranquillit\u00e0.<\/p>\n<p>Scegli SCATTOLINI e goditi la comodit\u00e0 di avere un supporto di qualit\u00e0, ovunque tu sia in Italia e all&#8217;estero.<\/p>\n<p><\/p>\t\t\t\t\t\t\t\t<\/div>\n\t\t\t\t<\/div>\n\t\t\t\t\t<\/div>\n\t\t<\/div>\n\t\t\t\t<div class=\"elementor-column elementor-col-33 elementor-top-column elementor-element elementor-element-8ede430\" data-id=\"8ede430\" data-element_type=\"column\">\n\t\t\t<div class=\"elementor-widget-wrap elementor-element-populated\">\n\t\t\t\t\t\t<div class=\"elementor-element elementor-element-411daca elementor-widget__width-initial elementor-widget elementor-widget-text-editor\" data-id=\"411daca\" data-element_type=\"widget\" data-widget_type=\"text-editor.default\">\n\t\t\t\t<div class=\"elementor-widget-container\">\n\t\t\t\t\t\t\t\t\t<p>La tua soddisfazione \u00e8 la nostra priorit\u00e0!<\/p><ul><li>Centres d'assemblage\u00a0<\/li><li>Assistance<\/li><li>Pi\u00e8ces d\u00e9tach\u00e9es<\/li><\/ul>\t\t\t\t\t\t\t\t<\/div>\n\t\t\t\t<\/div>\n\t\t\t\t<div class=\"vamtam-has-theme-widget-styles elementor-element elementor-element-d4fd6b9 elementor-tablet-align-left vamtam-has-underline-anim elementor-widget elementor-widget-button\" data-id=\"d4fd6b9\" data-element_type=\"widget\" data-widget_type=\"button.default\">\n\t\t\t\t<div class=\"elementor-widget-container\">\n\t\t\t\t\t\t\t\t\t<div class=\"elementor-button-wrapper\">\n\t\t\t\t\t<a class=\"elementor-button elementor-button-link elementor-size-sm\" href=\"#\">\n\t\t\t\t\t\t<span class=\"elementor-button-content-wrapper\">\n\t\t\t\t\t\t<span class=\"elementor-button-icon\">\n\t\t\t\t<i aria-hidden=\"true\" class=\"fas fa-arrow-circle-down\"><\/i>\t\t\t<\/span>\n\t\t\t\t\t\t\t\t\t<span class=\"elementor-button-text\">Voir nos partenaires<\/span>\n\t\t\t\t\t<\/span>\n\t\t\t\t\t<\/a>\n\t\t\t\t<\/div>\n\t\t\t\t\t\t\t\t<\/div>\n\t\t\t\t<\/div>\n\t\t\t\t\t<\/div>\n\t\t<\/div>\n\t\t\t\t\t<\/div>\n\t\t<\/section>\n\t\t<div class=\"elementor-element elementor-element-b9f5a25 e-flex e-con-boxed e-con e-parent\" data-id=\"b9f5a25\" data-element_type=\"container\">\n\t\t\t\t\t<div class=\"e-con-inner\">\n\t\t\t\t<div class=\"elementor-element elementor-element-0f60de2 elementor-widget elementor-widget-html\" data-id=\"0f60de2\" data-element_type=\"widget\" data-widget_type=\"html.default\">\n\t\t\t\t<div class=\"elementor-widget-container\">\n\t\t\t\t\t\t\t<div id=\"maps-marker-pro-a46183ee\" class=\"maps-marker-pro mmp-list-right\" style=\"width: 100%;\">\r\n\t\t\t<div id=\"mmp-map-wrap-a46183ee\" class=\"mmp-map-wrap\">\r\n\t\t\t\t\t\t\t\t<div id=\"mmp-map-a46183ee\" class=\"mmp-map\" style=\"height: 600px;\"><\/div>\r\n\t\t\t\t\t\t\t<\/div>\r\n\t\t\t\t\t\t\t<div id=\"mmp-list-a46183ee\" class=\"mmp-list\" style=\"flex-basis: 300px;\"><\/div>\r\n\t\t\t\t\t<\/div>\r\n\t\t\t\t\t\t<\/div>\n\t\t\t\t<\/div>\n\t\t\t\t\t<\/div>\n\t\t\t\t<\/div>\n\t\t\t\t<\/div>","protected":false},"excerpt":{"rendered":"<p>Ready to Meet Your Steel Partner?<\/p>","protected":false},"author":1,"featured_media":29116,"parent":0,"menu_order":0,"comment_status":"closed","ping_status":"closed","template":"","meta":{"footnotes":""},"class_list":["post-988407","page","type-page","status-publish","has-post-thumbnail","hentry"],"yoast_head":"<!-- This site is optimized with the Yoast SEO plugin v27.3 - https:\/\/yoast.com\/product\/yoast-seo-wordpress\/ -->\n<title>Scattolini Point - Scattolini<\/title>\n<meta name=\"description\" content=\"Con una rete di centri autorizzati distribuiti su tutto il territorio nazionale, siamo pronti ad offrirti un servizio completo e affidabile\" \/>\n<meta name=\"robots\" content=\"index, follow, max-snippet:-1, max-image-preview:large, max-video-preview:-1\" \/>\n<link rel=\"canonical\" href=\"https:\/\/scattolini.it\/fr\/scattolini-point\/\" \/>\n<meta property=\"og:locale\" content=\"fr_FR\" \/>\n<meta property=\"og:type\" content=\"article\" \/>\n<meta property=\"og:title\" content=\"Scattolini Point - Scattolini\" \/>\n<meta property=\"og:description\" content=\"Con una rete di centri autorizzati distribuiti su tutto il territorio nazionale, siamo pronti ad offrirti un servizio completo e affidabile\" \/>\n<meta property=\"og:url\" content=\"https:\/\/scattolini.it\/fr\/scattolini-point\/\" \/>\n<meta property=\"og:site_name\" content=\"Scattolini\" \/>\n<meta property=\"article:publisher\" content=\"https:\/\/www.facebook.com\/scattolinispa\/?_rdr\" \/>\n<meta property=\"article:modified_time\" content=\"2025-06-27T14:29:16+00:00\" \/>\n<meta property=\"og:image\" content=\"https:\/\/scattolini.it\/wp-content\/uploads\/2023\/08\/pierre-chatel-innocenti-Lk-nu_hX6ms-unsplash-2-scaled.jpg\" \/>\n\t<meta property=\"og:image:width\" content=\"2560\" \/>\n\t<meta property=\"og:image:height\" content=\"738\" \/>\n\t<meta property=\"og:image:type\" content=\"image\/jpeg\" \/>\n<meta name=\"twitter:card\" content=\"summary_large_image\" \/>\n<meta name=\"twitter:label1\" content=\"Dur\u00e9e de lecture estim\u00e9e\" \/>\n\t<meta name=\"twitter:data1\" content=\"1 minute\" \/>\n<script type=\"application\/ld+json\" class=\"yoast-schema-graph\">{\"@context\":\"https:\\\/\\\/schema.org\",\"@graph\":[{\"@type\":\"WebPage\",\"@id\":\"https:\\\/\\\/scattolini.it\\\/scattolini-point\\\/\",\"url\":\"https:\\\/\\\/scattolini.it\\\/scattolini-point\\\/\",\"name\":\"Scattolini Point - Scattolini\",\"isPartOf\":{\"@id\":\"https:\\\/\\\/scattolini.it\\\/#website\"},\"primaryImageOfPage\":{\"@id\":\"https:\\\/\\\/scattolini.it\\\/scattolini-point\\\/#primaryimage\"},\"image\":{\"@id\":\"https:\\\/\\\/scattolini.it\\\/scattolini-point\\\/#primaryimage\"},\"thumbnailUrl\":\"https:\\\/\\\/scattolini.it\\\/wp-content\\\/uploads\\\/2023\\\/08\\\/pierre-chatel-innocenti-Lk-nu_hX6ms-unsplash-2-scaled.jpg\",\"datePublished\":\"2024-07-01T15:01:22+00:00\",\"dateModified\":\"2025-06-27T14:29:16+00:00\",\"description\":\"Con una rete di centri autorizzati distribuiti su tutto il territorio nazionale, siamo pronti ad offrirti un servizio completo e affidabile\",\"breadcrumb\":{\"@id\":\"https:\\\/\\\/scattolini.it\\\/scattolini-point\\\/#breadcrumb\"},\"inLanguage\":\"fr-FR\",\"potentialAction\":[{\"@type\":\"ReadAction\",\"target\":[\"https:\\\/\\\/scattolini.it\\\/scattolini-point\\\/\"]}]},{\"@type\":\"ImageObject\",\"inLanguage\":\"fr-FR\",\"@id\":\"https:\\\/\\\/scattolini.it\\\/scattolini-point\\\/#primaryimage\",\"url\":\"https:\\\/\\\/scattolini.it\\\/wp-content\\\/uploads\\\/2023\\\/08\\\/pierre-chatel-innocenti-Lk-nu_hX6ms-unsplash-2-scaled.jpg\",\"contentUrl\":\"https:\\\/\\\/scattolini.it\\\/wp-content\\\/uploads\\\/2023\\\/08\\\/pierre-chatel-innocenti-Lk-nu_hX6ms-unsplash-2-scaled.jpg\",\"width\":2560,\"height\":738},{\"@type\":\"BreadcrumbList\",\"@id\":\"https:\\\/\\\/scattolini.it\\\/scattolini-point\\\/#breadcrumb\",\"itemListElement\":[{\"@type\":\"ListItem\",\"position\":1,\"name\":\"Home\",\"item\":\"https:\\\/\\\/scattolini.it\\\/\"},{\"@type\":\"ListItem\",\"position\":2,\"name\":\"Scattolini Point\"}]},{\"@type\":\"WebSite\",\"@id\":\"https:\\\/\\\/scattolini.it\\\/#website\",\"url\":\"https:\\\/\\\/scattolini.it\\\/\",\"name\":\"Scattolini\",\"description\":\"\",\"publisher\":{\"@id\":\"https:\\\/\\\/scattolini.it\\\/#organization\"},\"potentialAction\":[{\"@type\":\"SearchAction\",\"target\":{\"@type\":\"EntryPoint\",\"urlTemplate\":\"https:\\\/\\\/scattolini.it\\\/?s={search_term_string}\"},\"query-input\":{\"@type\":\"PropertyValueSpecification\",\"valueRequired\":true,\"valueName\":\"search_term_string\"}}],\"inLanguage\":\"fr-FR\"},{\"@type\":\"Organization\",\"@id\":\"https:\\\/\\\/scattolini.it\\\/#organization\",\"name\":\"Scattolini Spa\",\"url\":\"https:\\\/\\\/scattolini.it\\\/\",\"logo\":{\"@type\":\"ImageObject\",\"inLanguage\":\"fr-FR\",\"@id\":\"https:\\\/\\\/scattolini.it\\\/#\\\/schema\\\/logo\\\/image\\\/\",\"url\":\"https:\\\/\\\/scattolini.it\\\/wp-content\\\/uploads\\\/2023\\\/07\\\/logo.png\",\"contentUrl\":\"https:\\\/\\\/scattolini.it\\\/wp-content\\\/uploads\\\/2023\\\/07\\\/logo.png\",\"width\":1024,\"height\":185,\"caption\":\"Scattolini Spa\"},\"image\":{\"@id\":\"https:\\\/\\\/scattolini.it\\\/#\\\/schema\\\/logo\\\/image\\\/\"},\"sameAs\":[\"https:\\\/\\\/www.facebook.com\\\/scattolinispa\\\/?_rdr\",\"https:\\\/\\\/it.linkedin.com\\\/posts\\\/scattolini-s-p-a-_scattolini-automotive-focacciagroup-activity-7001498033003597824-anyd?trk=public_profile_like_view\"]}]}<\/script>\n<!-- \/ Yoast SEO plugin. -->","yoast_head_json":{"title":"Scattolini Point - Scattolini","description":"Con una rete di centri autorizzati distribuiti su tutto il territorio nazionale, siamo pronti ad offrirti un servizio completo e affidabile","robots":{"index":"index","follow":"follow","max-snippet":"max-snippet:-1","max-image-preview":"max-image-preview:large","max-video-preview":"max-video-preview:-1"},"canonical":"https:\/\/scattolini.it\/fr\/scattolini-point\/","og_locale":"fr_FR","og_type":"article","og_title":"Scattolini Point - Scattolini","og_description":"Con una rete di centri autorizzati distribuiti su tutto il territorio nazionale, siamo pronti ad offrirti un servizio completo e affidabile","og_url":"https:\/\/scattolini.it\/fr\/scattolini-point\/","og_site_name":"Scattolini","article_publisher":"https:\/\/www.facebook.com\/scattolinispa\/?_rdr","article_modified_time":"2025-06-27T14:29:16+00:00","og_image":[{"width":2560,"height":738,"url":"https:\/\/scattolini.it\/wp-content\/uploads\/2023\/08\/pierre-chatel-innocenti-Lk-nu_hX6ms-unsplash-2-scaled.jpg","type":"image\/jpeg"}],"twitter_card":"summary_large_image","twitter_misc":{"Dur\u00e9e de lecture estim\u00e9e":"1 minute"},"schema":{"@context":"https:\/\/schema.org","@graph":[{"@type":"WebPage","@id":"https:\/\/scattolini.it\/scattolini-point\/","url":"https:\/\/scattolini.it\/scattolini-point\/","name":"Scattolini Point - Scattolini","isPartOf":{"@id":"https:\/\/scattolini.it\/#website"},"primaryImageOfPage":{"@id":"https:\/\/scattolini.it\/scattolini-point\/#primaryimage"},"image":{"@id":"https:\/\/scattolini.it\/scattolini-point\/#primaryimage"},"thumbnailUrl":"https:\/\/scattolini.it\/wp-content\/uploads\/2023\/08\/pierre-chatel-innocenti-Lk-nu_hX6ms-unsplash-2-scaled.jpg","datePublished":"2024-07-01T15:01:22+00:00","dateModified":"2025-06-27T14:29:16+00:00","description":"Con una rete di centri autorizzati distribuiti su tutto il territorio nazionale, siamo pronti ad offrirti un servizio completo e affidabile","breadcrumb":{"@id":"https:\/\/scattolini.it\/scattolini-point\/#breadcrumb"},"inLanguage":"fr-FR","potentialAction":[{"@type":"ReadAction","target":["https:\/\/scattolini.it\/scattolini-point\/"]}]},{"@type":"ImageObject","inLanguage":"fr-FR","@id":"https:\/\/scattolini.it\/scattolini-point\/#primaryimage","url":"https:\/\/scattolini.it\/wp-content\/uploads\/2023\/08\/pierre-chatel-innocenti-Lk-nu_hX6ms-unsplash-2-scaled.jpg","contentUrl":"https:\/\/scattolini.it\/wp-content\/uploads\/2023\/08\/pierre-chatel-innocenti-Lk-nu_hX6ms-unsplash-2-scaled.jpg","width":2560,"height":738},{"@type":"BreadcrumbList","@id":"https:\/\/scattolini.it\/scattolini-point\/#breadcrumb","itemListElement":[{"@type":"ListItem","position":1,"name":"Home","item":"https:\/\/scattolini.it\/"},{"@type":"ListItem","position":2,"name":"Scattolini Point"}]},{"@type":"WebSite","@id":"https:\/\/scattolini.it\/#website","url":"https:\/\/scattolini.it\/","name":"Scattolini","description":"","publisher":{"@id":"https:\/\/scattolini.it\/#organization"},"potentialAction":[{"@type":"SearchAction","target":{"@type":"EntryPoint","urlTemplate":"https:\/\/scattolini.it\/?s={search_term_string}"},"query-input":{"@type":"PropertyValueSpecification","valueRequired":true,"valueName":"search_term_string"}}],"inLanguage":"fr-FR"},{"@type":"Organization","@id":"https:\/\/scattolini.it\/#organization","name":"Scattolini Spa","url":"https:\/\/scattolini.it\/","logo":{"@type":"ImageObject","inLanguage":"fr-FR","@id":"https:\/\/scattolini.it\/#\/schema\/logo\/image\/","url":"https:\/\/scattolini.it\/wp-content\/uploads\/2023\/07\/logo.png","contentUrl":"https:\/\/scattolini.it\/wp-content\/uploads\/2023\/07\/logo.png","width":1024,"height":185,"caption":"Scattolini Spa"},"image":{"@id":"https:\/\/scattolini.it\/#\/schema\/logo\/image\/"},"sameAs":["https:\/\/www.facebook.com\/scattolinispa\/?_rdr","https:\/\/it.linkedin.com\/posts\/scattolini-s-p-a-_scattolini-automotive-focacciagroup-activity-7001498033003597824-anyd?trk=public_profile_like_view"]}]}},"_links":{"self":[{"href":"https:\/\/scattolini.it\/fr\/wp-json\/wp\/v2\/pages\/988407","targetHints":{"allow":["GET"]}}],"collection":[{"href":"https:\/\/scattolini.it\/fr\/wp-json\/wp\/v2\/pages"}],"about":[{"href":"https:\/\/scattolini.it\/fr\/wp-json\/wp\/v2\/types\/page"}],"author":[{"embeddable":true,"href":"https:\/\/scattolini.it\/fr\/wp-json\/wp\/v2\/users\/1"}],"replies":[{"embeddable":true,"href":"https:\/\/scattolini.it\/fr\/wp-json\/wp\/v2\/comments?post=988407"}],"version-history":[{"count":34,"href":"https:\/\/scattolini.it\/fr\/wp-json\/wp\/v2\/pages\/988407\/revisions"}],"predecessor-version":[{"id":992158,"href":"https:\/\/scattolini.it\/fr\/wp-json\/wp\/v2\/pages\/988407\/revisions\/992158"}],"wp:featuredmedia":[{"embeddable":true,"href":"https:\/\/scattolini.it\/fr\/wp-json\/wp\/v2\/media\/29116"}],"wp:attachment":[{"href":"https:\/\/scattolini.it\/fr\/wp-json\/wp\/v2\/media?parent=988407"}],"curies":[{"name":"wp","href":"https:\/\/api.w.org\/{rel}","templated":true}]}}